{"id":388,"date":"2020-05-21T22:52:23","date_gmt":"2020-05-22T01:52:23","guid":{"rendered":"https:\/\/lulufrombrazil.com.br\/selo-de-qualidade-em-danca-oriental-by-lulu-sabongi\/"},"modified":"2020-05-21T22:52:23","modified_gmt":"2020-05-22T01:52:23","slug":"selo-de-qualidade-em-danca-oriental-by-lulu-sabongi","status":"publish","type":"page","link":"https:\/\/lulufrombrazil.com.br\/de\/selo-de-qualidade-em-danca-oriental-by-lulu-sabongi\/","title":{"rendered":"Selo de Qualidade em Dan\u00e7a Oriental &#8211; by Lulu Sabongi"},"content":{"rendered":"<h2>A ideia<\/h2>\n<p>Considero de extrema import\u00e2ncia saber mais de cada uma em especial, sua trajet\u00f3ria na dan\u00e7a e quem foram seus professores(as). Minha inten\u00e7\u00e3o \u00e9 que cada vez mais, estejamos pr\u00f3ximas e conectadas, pois quem trabalha com arte, tem uma escolha maravilhosa, mas um caminho n\u00e3o t\u00e3o f\u00e1cil, na vida concreta.<\/p>\n<blockquote class=\"wp-block-quote\"><p>Ser\u00e1 uma honra ter sua participa\u00e7\u00e3o neste projeto!<\/p><\/blockquote>\n<h3>Como funciona<\/h3>\n<p>An\u00e1lise detalhada por escrito, relacionando as dan\u00e7as apresentadas e as possibilidades de estudo para o melhor desenvolvimento t\u00e9cnico e art\u00edstico da pessoa em quest\u00e3o.<\/p>\n<p>Ap\u00f3s a qualifica\u00e7\u00e3o, divulga\u00e7\u00e3o em site especialmente desenvolvido para tanto, e dedicado a qualidade de dan\u00e7a Oriental no Brasil e fora dele.<\/p>\n<p>Cada pessoa que passa pelo processo ter\u00e1 uma p\u00e1gina dedicada, com seu hist\u00f3rico, seus contatos, e-mail, telefone e formas de comunica\u00e7\u00e3o.<br \/>\n(Tudo de acordo com as informa\u00e7\u00f5es oferecidas pela participante e com sua autoriza\u00e7\u00e3o!)<\/p>\n<p>N\u00e3o h\u00e1 necessidade de pagar nenhum custo adicional depois da inscri\u00e7\u00e3o. N\u00e3o existem cursos adicionais a serem feitos para receber os benef\u00edcios propostos.<\/p>\n<h3>O que \u00e9 oferecido<\/h3>\n<ul>\n<li>An\u00e1lise detalhada de sua dan\u00e7a, por escrito enviada por e-mail no endere\u00e7o determinado por voc\u00ea.<\/li>\n<li>Cuidado e respeito no manuseio de seu material que deve ser enviado via link n\u00e3o listado no youtube para preservar sua privacidade e conforto.<\/li>\n<li>Divulga\u00e7\u00e3o de seu trabalho e de seu nome p\u00f3s processo de qualifica\u00e7\u00e3o num site totalmente dedicado a isso e que eu pessoalmente farei quest\u00e3o de divulgar<\/li>\n<li>Condi\u00e7\u00f5es especiais se quiser desenvolver qq trabalho dentro de Shangrila com suas alunas, se por acaso quer dar uma aula em SP teria diversas facilidades contando com nossa estrutura<\/li>\n<li>Descontos especiais se porventura, vier a fazer aulas dentro do Centro Shangrila em qq ocasi\u00e3o. Tudo depende do evento em quest\u00e3o<\/li>\n<li>No caso de de interessar por qq projeto que seja desenvolvido por mim dentro da escola, e que esteja sob minha responsabilidade \u00fanica ter\u00e1 descontos especiais! Exemplo, Curso de Aprofundamento em Dan\u00e7a Oriental)<\/li>\n<\/ul>\n<p>A banca respons\u00e1vel pela avalia\u00e7\u00e3o \u00e9 composta de 40 profissionais devidamente reconhecidas, que tem qualidades excepcionais tanto como bailarinas quanto como professoras, e meu intuito \u00e9 que nossos resultados sejam a vis\u00e3o real, de muitas, e n\u00e3o a id\u00e9ia de uma \u00fanica pessoa.<\/p>\n<p>Na segunda fase, as que tiverem ultrapassado a primeira, se apresentar\u00e3o pessoalmente, numa cidade pr\u00f3xima a sua regi\u00e3o de moradia, j\u00e1 que minha inten\u00e7\u00e3o \u00e9 oferecer a todas, uma oportunidade de avalia\u00e7\u00e3o que n\u00e3o seja custosa demais em termos financeiros. Evidentemente as cidades de avalia\u00e7\u00e3o est\u00e3o previstas como sendo cidades grandes e com boas possibilidades de transporte.<\/p>\n<p>Em diversas regi\u00f5es do pa\u00eds a banca \u00e9 formada por profissionais locais e de SP apenas eu, desta maneira garanto que o resultado final tem a assinatura da regi\u00e3o a qual a bailarina pertence, e n\u00e3o \u00e9 um r\u00f3tulo espec\u00edfico de apenas uma determinada \u00e1rea de nosso pa\u00eds.<\/p>\n<p>A banca f\u00edsica contar\u00e1 com n\u00famero \u00edmpar de participantes cujos nome s\u00f3 ser\u00e1 conhecido no momento de sua avalia\u00e7\u00e3o. A \u00fanica que estar\u00e1 presente a todos os encontros, sem falta serei eu, as outras integrantes, sempre em n\u00famero impar, s\u00e3o parte da Banca Nacional e devem ser bailarinas reconhecidas por sua qualidade em sua regi\u00e3o de moradia, assim temos a garantia de que o resultado final tem a \u201ccara\u201d e assinatura da regi\u00e3o a qual vc pertence!<\/p>\n<blockquote class=\"wp-block-quote\"><p>Sou apenas o elemento agregador e nada mais. Somos todas igualmente importantes, e essenciais no desenvolvimento deste caminho escolhido. Por n\u00f3s e pela dan\u00e7a, seja bem vinda ao grupo!<\/p><\/blockquote>\n","protected":false},"excerpt":{"rendered":"<p>A ideia Considero de extrema import\u00e2ncia saber mais de cada uma em especial, sua trajet\u00f3ria na dan\u00e7a e quem foram seus professores(as). Minha inten\u00e7\u00e3o \u00e9 que cada vez mais, estejamos pr\u00f3ximas e conectadas, pois quem trabalha com arte, tem uma escolha maravilhosa, mas um caminho n\u00e3o t\u00e3o f\u00e1cil, na vida [&hellip;]<\/p>\n","protected":false},"author":1,"featured_media":0,"parent":0,"menu_order":0,"comment_status":"closed","ping_status":"closed","template":"","meta":{"inline_featured_image":false,"footnotes":""},"class_list":["post-388","page","type-page","status-publish","hentry"],"_links":{"self":[{"href":"https:\/\/lulufrombrazil.com.br\/de\/wp-json\/wp\/v2\/pages\/388","targetHints":{"allow":["GET"]}}],"collection":[{"href":"https:\/\/lulufrombrazil.com.br\/de\/wp-json\/wp\/v2\/pages"}],"about":[{"href":"https:\/\/lulufrombrazil.com.br\/de\/wp-json\/wp\/v2\/types\/page"}],"author":[{"embeddable":true,"href":"https:\/\/lulufrombrazil.com.br\/de\/wp-json\/wp\/v2\/users\/1"}],"replies":[{"embeddable":true,"href":"https:\/\/lulufrombrazil.com.br\/de\/wp-json\/wp\/v2\/comments?post=388"}],"version-history":[{"count":0,"href":"https:\/\/lulufrombrazil.com.br\/de\/wp-json\/wp\/v2\/pages\/388\/revisions"}],"wp:attachment":[{"href":"https:\/\/lulufrombrazil.com.br\/de\/wp-json\/wp\/v2\/media?parent=388"}],"curies":[{"name":"wp","href":"https:\/\/api.w.org\/{rel}","templated":true}]}}