{"id":449,"date":"2020-05-21T23:10:08","date_gmt":"2020-05-22T02:10:08","guid":{"rendered":"https:\/\/lulufrombrazil.com.br\/contato\/"},"modified":"2020-05-21T23:10:08","modified_gmt":"2020-05-22T02:10:08","slug":"contato","status":"publish","type":"page","link":"https:\/\/lulufrombrazil.com.br\/de\/contato\/","title":{"rendered":"Entre em contato"},"content":{"rendered":"<h2>Possui d\u00favidas ou sugest\u00f5es?<\/h2>\n<p>Preencha o formul\u00e1rio abaixo para que eu entre em contato com voc\u00ea<\/p>\n","protected":false},"excerpt":{"rendered":"<p>Possui d\u00favidas ou sugest\u00f5es? Preencha o formul\u00e1rio abaixo para que eu entre em contato com voc\u00ea<\/p>\n","protected":false},"author":1,"featured_media":0,"parent":0,"menu_order":0,"comment_status":"closed","ping_status":"closed","template":"page-templates\/template-form.php","meta":{"inline_featured_image":false,"footnotes":""},"class_list":["post-449","page","type-page","status-publish","hentry"],"_links":{"self":[{"href":"https:\/\/lulufrombrazil.com.br\/de\/wp-json\/wp\/v2\/pages\/449","targetHints":{"allow":["GET"]}}],"collection":[{"href":"https:\/\/lulufrombrazil.com.br\/de\/wp-json\/wp\/v2\/pages"}],"about":[{"href":"https:\/\/lulufrombrazil.com.br\/de\/wp-json\/wp\/v2\/types\/page"}],"author":[{"embeddable":true,"href":"https:\/\/lulufrombrazil.com.br\/de\/wp-json\/wp\/v2\/users\/1"}],"replies":[{"embeddable":true,"href":"https:\/\/lulufrombrazil.com.br\/de\/wp-json\/wp\/v2\/comments?post=449"}],"version-history":[{"count":0,"href":"https:\/\/lulufrombrazil.com.br\/de\/wp-json\/wp\/v2\/pages\/449\/revisions"}],"wp:attachment":[{"href":"https:\/\/lulufrombrazil.com.br\/de\/wp-json\/wp\/v2\/media?parent=449"}],"curies":[{"name":"wp","href":"https:\/\/api.w.org\/{rel}","templated":true}]}}